{"id":13,"date":"2022-12-06T13:12:31","date_gmt":"2022-12-06T13:12:31","guid":{"rendered":"https:\/\/xn--nachhaltigkeitswettbewerb-brgerstiftung-reutlingen-qgf.de\/?page_id=13"},"modified":"2023-01-12T12:55:16","modified_gmt":"2023-01-12T12:55:16","slug":"impressum","status":"publish","type":"page","link":"https:\/\/xn--nachhaltigkeitswettbewerb-brgerstiftung-reutlingen-qgf.de\/?page_id=13","title":{"rendered":"Impressum"},"content":{"rendered":"<div id=\"comp-l5pg81cz1\" class=\"_2KixH\">\n<div id=\"text-content-comp-l5pg81cz1\" class=\"_2Hij5 _3bcaz\" data-testid=\"richTextElement\">\n<p class=\"font_8\">B\u00fcrgerstiftung Reutlingen (gemeinn\u00fctzige Stiftung des b\u00fcrgerlichen Rechts)<br \/>\nvertreten durch den Stiftungsvorstand,<br \/>\ndieser vertreten durch den Vorsitzenden und ein weiteres Vorstandsmitglied,<\/p>\n<p>Burgstrasse 6<br \/>\n72764 Reutlingen<br \/>\nTel.: 07121 &#8211; 943 7553<br \/>\nE-Mail: info@buergerstiftung-reutlingen.de<\/p>\n<p class=\"font_8\">Vorstand:<br \/>\nDr. Hans Hammann (Vorsitzender)<br \/>\nBirgit Erbe<br \/>\nDr. Ingo Wolff<br \/>\nDr. Gregor V\u00f6lker<\/p>\n<p>Inhaltlich Verantwortlicher:<\/p><\/div>\n<div class=\"_2Hij5 _3bcaz\" data-testid=\"richTextElement\">B\u00fcrgerstiftung Reutlingen<\/div>\n<div data-testid=\"richTextElement\">Dr. Ingo Wolff<\/div>\n<div data-testid=\"richTextElement\"><\/div>\n<div class=\"_2Hij5 _3bcaz\" data-testid=\"richTextElement\">\n<p class=\"font_8\">Wir \u00fcbernehmen keine Haftung f\u00fcr die Inhalte externer Links. F\u00fcr den Inhalt der verlinkten Seiten sind ausschlie\u00dflich deren Betreiber und f\u00fcr den Inhalt der Presseartikel deren Urheber verantwortlich.<\/p>\n<\/div>\n<\/div>\n","protected":false},"excerpt":{"rendered":"<p>B\u00fcrgerstiftung Reutlingen (gemeinn\u00fctzige Stiftung des b\u00fcrgerlichen Rechts) vertreten durch den Stiftungsvorstand, dieser vertreten durch den Vorsitzenden und ein weiteres Vorstandsmitglied, Burgstrasse 6 72764 Reutlingen Tel.: 07121 &#8211; 943 7553 E-Mail: info@buergerstiftung-reutlingen.de Vorstand: Dr. Hans Hammann (Vorsitzender) Birgit Erbe Dr. Ingo Wolff Dr. Gregor V\u00f6lker Inhaltlich Verantwortlicher: B\u00fcrgerstiftung Reutlingen Dr. Ingo Wolff Wir \u00fcbernehmen keine Haftung [&hellip;]<\/p>\n","protected":false},"author":1,"featured_media":0,"parent":0,"menu_order":0,"comment_status":"closed","ping_status":"closed","template":"","meta":{"ocean_post_layout":"","ocean_both_sidebars_style":"","ocean_both_sidebars_content_width":0,"ocean_both_sidebars_sidebars_width":0,"ocean_sidebar":"0","ocean_second_sidebar":"0","ocean_disable_margins":"enable","ocean_add_body_class":"","ocean_shortcode_before_top_bar":"","ocean_shortcode_after_top_bar":"","ocean_shortcode_before_header":"","ocean_shortcode_after_header":"","ocean_has_shortcode":"","ocean_shortcode_after_title":"","ocean_shortcode_before_footer_widgets":"","ocean_shortcode_after_footer_widgets":"","ocean_shortcode_before_footer_bottom":"","ocean_shortcode_after_footer_bottom":"","ocean_display_top_bar":"default","ocean_display_header":"default","ocean_header_style":"","ocean_center_header_left_menu":"0","ocean_custom_header_template":"0","ocean_custom_logo":0,"ocean_custom_retina_logo":0,"ocean_custom_logo_max_width":0,"ocean_custom_logo_tablet_max_width":0,"ocean_custom_logo_mobile_max_width":0,"ocean_custom_logo_max_height":0,"ocean_custom_logo_tablet_max_height":0,"ocean_custom_logo_mobile_max_height":0,"ocean_header_custom_menu":"0","ocean_menu_typo_font_family":"0","ocean_menu_typo_font_subset":"","ocean_menu_typo_font_size":0,"ocean_menu_typo_font_size_tablet":0,"ocean_menu_typo_font_size_mobile":0,"ocean_menu_typo_font_size_unit":"px","ocean_menu_typo_font_weight":"","ocean_menu_typo_font_weight_tablet":"","ocean_menu_typo_font_weight_mobile":"","ocean_menu_typo_transform":"","ocean_menu_typo_transform_tablet":"","ocean_menu_typo_transform_mobile":"","ocean_menu_typo_line_height":0,"ocean_menu_typo_line_height_tablet":0,"ocean_menu_typo_line_height_mobile":0,"ocean_menu_typo_line_height_unit":"","ocean_menu_typo_spacing":0,"ocean_menu_typo_spacing_tablet":0,"ocean_menu_typo_spacing_mobile":0,"ocean_menu_typo_spacing_unit":"","ocean_menu_link_color":"","ocean_menu_link_color_hover":"","ocean_menu_link_color_active":"","ocean_menu_link_background":"","ocean_menu_link_hover_background":"","ocean_menu_link_active_background":"","ocean_menu_social_links_bg":"","ocean_menu_social_hover_links_bg":"","ocean_menu_social_links_color":"","ocean_menu_social_hover_links_color":"","ocean_disable_title":"default","ocean_disable_heading":"default","ocean_post_title":"","ocean_post_subheading":"","ocean_post_title_style":"","ocean_post_title_background_color":"","ocean_post_title_background":0,"ocean_post_title_bg_image_position":"","ocean_post_title_bg_image_attachment":"","ocean_post_title_bg_image_repeat":"","ocean_post_title_bg_image_size":"","ocean_post_title_height":0,"ocean_post_title_bg_overlay":0.5,"ocean_post_title_bg_overlay_color":"","ocean_disable_breadcrumbs":"default","ocean_breadcrumbs_color":"","ocean_breadcrumbs_separator_color":"","ocean_breadcrumbs_links_color":"","ocean_breadcrumbs_links_hover_color":"","ocean_display_footer_widgets":"default","ocean_display_footer_bottom":"default","ocean_custom_footer_template":"0","footnotes":""},"_links":{"self":[{"href":"https:\/\/xn--nachhaltigkeitswettbewerb-brgerstiftung-reutlingen-qgf.de\/index.php?rest_route=\/wp\/v2\/pages\/13"}],"collection":[{"href":"https:\/\/xn--nachhaltigkeitswettbewerb-brgerstiftung-reutlingen-qgf.de\/index.php?rest_route=\/wp\/v2\/pages"}],"about":[{"href":"https:\/\/xn--nachhaltigkeitswettbewerb-brgerstiftung-reutlingen-qgf.de\/index.php?rest_route=\/wp\/v2\/types\/page"}],"author":[{"embeddable":true,"href":"https:\/\/xn--nachhaltigkeitswettbewerb-brgerstiftung-reutlingen-qgf.de\/index.php?rest_route=\/wp\/v2\/users\/1"}],"replies":[{"embeddable":true,"href":"https:\/\/xn--nachhaltigkeitswettbewerb-brgerstiftung-reutlingen-qgf.de\/index.php?rest_route=%2Fwp%2Fv2%2Fcomments&post=13"}],"version-history":[{"count":4,"href":"https:\/\/xn--nachhaltigkeitswettbewerb-brgerstiftung-reutlingen-qgf.de\/index.php?rest_route=\/wp\/v2\/pages\/13\/revisions"}],"predecessor-version":[{"id":117,"href":"https:\/\/xn--nachhaltigkeitswettbewerb-brgerstiftung-reutlingen-qgf.de\/index.php?rest_route=\/wp\/v2\/pages\/13\/revisions\/117"}],"wp:attachment":[{"href":"https:\/\/xn--nachhaltigkeitswettbewerb-brgerstiftung-reutlingen-qgf.de\/index.php?rest_route=%2Fwp%2Fv2%2Fmedia&parent=13"}],"curies":[{"name":"wp","href":"https:\/\/api.w.org\/{rel}","templated":true}]}}