{"id":219,"date":"2024-04-22T19:28:18","date_gmt":"2024-04-22T19:28:18","guid":{"rendered":"https:\/\/xn--nachhaltigkeitswettbewerb-brgerstiftung-reutlingen-qgf.de\/?page_id=219"},"modified":"2024-04-22T19:28:18","modified_gmt":"2024-04-22T19:28:18","slug":"fristen","status":"publish","type":"page","link":"https:\/\/xn--nachhaltigkeitswettbewerb-brgerstiftung-reutlingen-qgf.de\/?page_id=219","title":{"rendered":"Fristen"},"content":{"rendered":"<h2>Wichtige Fristen im \u00dcberblick:<\/h2>\n<p>Liebe Teilnehmerinnen und Teilnehmer,<br \/>\num sicherzustellen, dass eure Projektentw\u00fcrfe ordnungsgem\u00e4\u00df ber\u00fccksichtigt werden<br \/>\nk\u00f6nnen, bitten wir euch, die folgenden Fristen zu beachten:<\/p>\n<ol>\n<li><strong>Anmeldefrist:<\/strong> Ab dem 01. Oktober 2024 \u00f6ffnet sich das Anmeldefenster und die<br \/>\nGruppen k\u00f6nnen sich anmelden. Das Anmeldefenster ist bis zum 30.11.2024<br \/>\nge\u00f6ffnet.<br \/>\nNach Ablauf dieser Frist ist die Teilnahme nicht mehr m\u00f6glich!<br \/>\nGruppen, welche eine Anmeldebest\u00e4tigung erhalten haben, k\u00f6nnen ab der<br \/>\nerfolgreichen Anmeldung damit anfangen, den Projektentwurf auszuarbeiten.<\/li>\n<li><strong>Einreichungsfrist:<\/strong> Die Einreichung eurer Projektentw\u00fcrfe ist bis sp\u00e4testens<br \/>\n31.12.2024 m\u00f6glich.<br \/>\nVersp\u00e4tete Abgaben werden nicht ber\u00fccksichtigt!<\/li>\n<li><strong>Bewertungszeitraum:<\/strong> Nach Ablauf der Einreichungsfrist wird eine Fachjury alle<br \/>\nProjekte anhand eines Bewertungsbogens sorgf\u00e4ltig pr\u00fcfen. Dieser Prozess wird<br \/>\nbis sp\u00e4testens 14.01.2025 andauern.<\/li>\n<li><strong>Bekanntgabe der Gewinner:<\/strong> Die Siegerprojekte werden am , bei einer<br \/>\nAbschlussveranstaltung, verk\u00fcndet.<\/li>\n<\/ol>\n","protected":false},"excerpt":{"rendered":"<p>Wichtige Fristen im \u00dcberblick: Liebe Teilnehmerinnen und Teilnehmer, um sicherzustellen, dass eure Projektentw\u00fcrfe ordnungsgem\u00e4\u00df ber\u00fccksichtigt werden k\u00f6nnen, bitten wir euch, die folgenden Fristen zu beachten: Anmeldefrist: Ab dem 01. Oktober 2024 \u00f6ffnet sich das Anmeldefenster und die Gruppen k\u00f6nnen sich anmelden. Das Anmeldefenster ist bis zum 30.11.2024 ge\u00f6ffnet. Nach Ablauf dieser Frist ist die Teilnahme [&hellip;]<\/p>\n","protected":false},"author":4,"featured_media":0,"parent":0,"menu_order":0,"comment_status":"closed","ping_status":"closed","template":"","meta":{"ocean_post_layout":"","ocean_both_sidebars_style":"","ocean_both_sidebars_content_width":0,"ocean_both_sidebars_sidebars_width":0,"ocean_sidebar":"0","ocean_second_sidebar":"0","ocean_disable_margins":"enable","ocean_add_body_class":"","ocean_shortcode_before_top_bar":"","ocean_shortcode_after_top_bar":"","ocean_shortcode_before_header":"","ocean_shortcode_after_header":"","ocean_has_shortcode":"","ocean_shortcode_after_title":"","ocean_shortcode_before_footer_widgets":"","ocean_shortcode_after_footer_widgets":"","ocean_shortcode_before_footer_bottom":"","ocean_shortcode_after_footer_bottom":"","ocean_display_top_bar":"default","ocean_display_header":"default","ocean_header_style":"","ocean_center_header_left_menu":"0","ocean_custom_header_template":"0","ocean_custom_logo":0,"ocean_custom_retina_logo":0,"ocean_custom_logo_max_width":0,"ocean_custom_logo_tablet_max_width":0,"ocean_custom_logo_mobile_max_width":0,"ocean_custom_logo_max_height":0,"ocean_custom_logo_tablet_max_height":0,"ocean_custom_logo_mobile_max_height":0,"ocean_header_custom_menu":"0","ocean_menu_typo_font_family":"0","ocean_menu_typo_font_subset":"","ocean_menu_typo_font_size":0,"ocean_menu_typo_font_size_tablet":0,"ocean_menu_typo_font_size_mobile":0,"ocean_menu_typo_font_size_unit":"px","ocean_menu_typo_font_weight":"","ocean_menu_typo_font_weight_tablet":"","ocean_menu_typo_font_weight_mobile":"","ocean_menu_typo_transform":"","ocean_menu_typo_transform_tablet":"","ocean_menu_typo_transform_mobile":"","ocean_menu_typo_line_height":0,"ocean_menu_typo_line_height_tablet":0,"ocean_menu_typo_line_height_mobile":0,"ocean_menu_typo_line_height_unit":"","ocean_menu_typo_spacing":0,"ocean_menu_typo_spacing_tablet":0,"ocean_menu_typo_spacing_mobile":0,"ocean_menu_typo_spacing_unit":"","ocean_menu_link_color":"","ocean_menu_link_color_hover":"","ocean_menu_link_color_active":"","ocean_menu_link_background":"","ocean_menu_link_hover_background":"","ocean_menu_link_active_background":"","ocean_menu_social_links_bg":"","ocean_menu_social_hover_links_bg":"","ocean_menu_social_links_color":"","ocean_menu_social_hover_links_color":"","ocean_disable_title":"default","ocean_disable_heading":"default","ocean_post_title":"","ocean_post_subheading":"","ocean_post_title_style":"","ocean_post_title_background_color":"","ocean_post_title_background":0,"ocean_post_title_bg_image_position":"","ocean_post_title_bg_image_attachment":"","ocean_post_title_bg_image_repeat":"","ocean_post_title_bg_image_size":"","ocean_post_title_height":0,"ocean_post_title_bg_overlay":0.5,"ocean_post_title_bg_overlay_color":"","ocean_disable_breadcrumbs":"default","ocean_breadcrumbs_color":"","ocean_breadcrumbs_separator_color":"","ocean_breadcrumbs_links_color":"","ocean_breadcrumbs_links_hover_color":"","ocean_display_footer_widgets":"default","ocean_display_footer_bottom":"default","ocean_custom_footer_template":"0","footnotes":""},"_links":{"self":[{"href":"https:\/\/xn--nachhaltigkeitswettbewerb-brgerstiftung-reutlingen-qgf.de\/index.php?rest_route=\/wp\/v2\/pages\/219"}],"collection":[{"href":"https:\/\/xn--nachhaltigkeitswettbewerb-brgerstiftung-reutlingen-qgf.de\/index.php?rest_route=\/wp\/v2\/pages"}],"about":[{"href":"https:\/\/xn--nachhaltigkeitswettbewerb-brgerstiftung-reutlingen-qgf.de\/index.php?rest_route=\/wp\/v2\/types\/page"}],"author":[{"embeddable":true,"href":"https:\/\/xn--nachhaltigkeitswettbewerb-brgerstiftung-reutlingen-qgf.de\/index.php?rest_route=\/wp\/v2\/users\/4"}],"replies":[{"embeddable":true,"href":"https:\/\/xn--nachhaltigkeitswettbewerb-brgerstiftung-reutlingen-qgf.de\/index.php?rest_route=%2Fwp%2Fv2%2Fcomments&post=219"}],"version-history":[{"count":1,"href":"https:\/\/xn--nachhaltigkeitswettbewerb-brgerstiftung-reutlingen-qgf.de\/index.php?rest_route=\/wp\/v2\/pages\/219\/revisions"}],"predecessor-version":[{"id":220,"href":"https:\/\/xn--nachhaltigkeitswettbewerb-brgerstiftung-reutlingen-qgf.de\/index.php?rest_route=\/wp\/v2\/pages\/219\/revisions\/220"}],"wp:attachment":[{"href":"https:\/\/xn--nachhaltigkeitswettbewerb-brgerstiftung-reutlingen-qgf.de\/index.php?rest_route=%2Fwp%2Fv2%2Fmedia&parent=219"}],"curies":[{"name":"wp","href":"https:\/\/api.w.org\/{rel}","templated":true}]}}